{"id":13,"date":"2016-11-21T23:00:35","date_gmt":"2016-11-21T22:00:35","guid":{"rendered":"http:\/\/localhost\/lelabo\/?page_id=13"},"modified":"2025-05-02T08:52:48","modified_gmt":"2025-05-02T06:52:48","slug":"la-carte-2","status":"publish","type":"page","link":"http:\/\/www.lelabo-nantes.com\/index.php\/la-carte-2\/","title":{"rendered":"La Carte"},"content":{"rendered":"<p><a href=\"http:\/\/www.lelabo-nantes.com\/wp-content\/uploads\/2025\/05\/re-15.pdf\"><img loading=\"lazy\" decoding=\"async\" class=\"aligncenter wp-image-115 size-full\" src=\"http:\/\/www.lelabo-nantes.com\/wp-content\/uploads\/2016\/11\/logo2-2.png\" alt=\"logo2\" width=\"205\" height=\"227\" \/><\/a><\/p>\n<p style=\"text-align: center;\"><a href=\"http:\/\/www.lelabo-nantes.com\/wp-content\/uploads\/2025\/05\/re-15.pdf\">T\u00e9l\u00e9chargez notre carte en pdf<\/a><br \/>\n(Mise \u00e0 jour en Mai 2025)<\/p>\n","protected":false},"excerpt":{"rendered":"<p>T\u00e9l\u00e9chargez notre carte en pdf (Mise \u00e0 jour en Mai 2025)<\/p>\n","protected":false},"author":1,"featured_media":0,"parent":0,"menu_order":0,"comment_status":"closed","ping_status":"closed","template":"","meta":{"footnotes":""},"_links":{"self":[{"href":"http:\/\/www.lelabo-nantes.com\/index.php\/wp-json\/wp\/v2\/pages\/13"}],"collection":[{"href":"http:\/\/www.lelabo-nantes.com\/index.php\/wp-json\/wp\/v2\/pages"}],"about":[{"href":"http:\/\/www.lelabo-nantes.com\/index.php\/wp-json\/wp\/v2\/types\/page"}],"author":[{"embeddable":true,"href":"http:\/\/www.lelabo-nantes.com\/index.php\/wp-json\/wp\/v2\/users\/1"}],"replies":[{"embeddable":true,"href":"http:\/\/www.lelabo-nantes.com\/index.php\/wp-json\/wp\/v2\/comments?post=13"}],"version-history":[{"count":16,"href":"http:\/\/www.lelabo-nantes.com\/index.php\/wp-json\/wp\/v2\/pages\/13\/revisions"}],"predecessor-version":[{"id":212,"href":"http:\/\/www.lelabo-nantes.com\/index.php\/wp-json\/wp\/v2\/pages\/13\/revisions\/212"}],"wp:attachment":[{"href":"http:\/\/www.lelabo-nantes.com\/index.php\/wp-json\/wp\/v2\/media?parent=13"}],"curies":[{"name":"wp","href":"https:\/\/api.w.org\/{rel}","templated":true}]}}