{"id":95,"date":"2018-05-17T11:03:53","date_gmt":"2018-05-17T09:03:53","guid":{"rendered":"http:\/\/www.lelabo-nantes.com\/?page_id=95"},"modified":"2018-05-17T11:03:53","modified_gmt":"2018-05-17T09:03:53","slug":"en-ce-moment","status":"publish","type":"page","link":"http:\/\/www.lelabo-nantes.com\/index.php\/en-ce-moment\/","title":{"rendered":"En ce moment&#8230;"},"content":{"rendered":"<p style=\"text-align: center;\"><span style=\"font-size: 24pt; color: #ff6600;\"><strong>La route du rhum 15.00 \u20ac<\/strong><\/span><br \/>\n<span style=\"font-family: helvetica, arial, sans-serif;\"><strong>Servi dans cinq tubes \u00e0 essais d\u2019environ 1,5 cl<\/strong><\/span><\/p>\n<p style=\"text-align: center;\"><span style=\"font-family: helvetica, arial, sans-serif; color: #ff9900;\"><strong>A d\u00e9guster en ce moment :<\/strong><\/span><br \/>\n<span style=\"font-family: helvetica, arial, sans-serif; color: #ff9900;\"><strong>Un rhum australien \u2013 le beenleigh<\/strong><\/span><br \/>\n<span style=\"font-family: helvetica, arial, sans-serif; color: #ff9900;\"><strong>Un rhum antillais \u2013 HSE \u00e9lev\u00e9 s\/ bois<\/strong><\/span><br \/>\n<span style=\"font-family: helvetica, arial, sans-serif; color: #ff9900;\"><strong>Un rhum d\u2019Am\u00e9rique centrale \u2013 mombacho<\/strong><\/span><br \/>\n<span style=\"font-family: helvetica, arial, sans-serif; color: #ff9900;\"><strong>Un rhum d\u2019Afrique orientale \u2013 matugga<\/strong><\/span><br \/>\n<span style=\"font-family: helvetica, arial, sans-serif; color: #ff9900;\"><strong>Un rhum japonais \u2013 Ryoma<\/strong><\/span><\/p>\n<p style=\"text-align: center;\"><span style=\"font-family: helvetica, arial, sans-serif; color: #ff6600; font-size: 24pt;\"><strong>Rhum exceptionnel<\/strong><\/span><br \/>\n<span style=\"font-family: helvetica, arial, sans-serif; color: #ff9900;\"><em><strong>\u00ab La favorite \u00bb 1986 \u2013 40\u00b0<\/strong><\/em><\/span><br \/>\n<span style=\"font-family: helvetica, arial, sans-serif; color: #ff9900;\"><strong>Flibuste &#8211; 30 ans<\/strong><\/span><br \/>\n<span style=\"font-family: helvetica, arial, sans-serif; color: #ff9900;\"><strong>Rhum de Martinique<\/strong><\/span><br \/>\n<span style=\"font-family: helvetica, arial, sans-serif; color: #ff9900;\"><strong>2 cl &#8211;&gt; 15 \u20ac<\/strong><\/span><br \/>\n<span style=\"font-family: helvetica, arial, sans-serif; color: #ff9900;\"><strong>4 cl &#8211;&gt; 30 \u20ac<\/strong><\/span><br \/>\n<span style=\"font-family: helvetica, arial, sans-serif;\"><strong>Vieilli 30 ans en f\u00fbt de ch\u00eane<\/strong><\/span><\/p>\n<p style=\"text-align: center;\"><span style=\"font-family: helvetica, arial, sans-serif;\"><strong>Ar\u00f4mes torr\u00e9fi\u00e9s, vanill\u00e9s, fruits confits, final r\u00e9glisse<\/strong><\/span><br \/>\n<span style=\"font-family: helvetica, arial, sans-serif;\"><strong>Seulement 6000 bouteilles produites<\/strong><\/span><br \/>\n<span style=\"font-family: helvetica, arial, sans-serif;\"><strong>Cir\u00e9es et num\u00e9rot\u00e9es \u00e0 la main<\/strong><\/span><\/p>\n","protected":false},"excerpt":{"rendered":"<p>La route du rhum 15.00 \u20ac Servi dans cinq tubes \u00e0 essais d\u2019environ 1,5 cl A d\u00e9guster en ce moment : Un rhum australien \u2013<\/p>\n","protected":false},"author":1,"featured_media":0,"parent":0,"menu_order":0,"comment_status":"closed","ping_status":"closed","template":"","meta":{"footnotes":""},"_links":{"self":[{"href":"http:\/\/www.lelabo-nantes.com\/index.php\/wp-json\/wp\/v2\/pages\/95"}],"collection":[{"href":"http:\/\/www.lelabo-nantes.com\/index.php\/wp-json\/wp\/v2\/pages"}],"about":[{"href":"http:\/\/www.lelabo-nantes.com\/index.php\/wp-json\/wp\/v2\/types\/page"}],"author":[{"embeddable":true,"href":"http:\/\/www.lelabo-nantes.com\/index.php\/wp-json\/wp\/v2\/users\/1"}],"replies":[{"embeddable":true,"href":"http:\/\/www.lelabo-nantes.com\/index.php\/wp-json\/wp\/v2\/comments?post=95"}],"version-history":[{"count":1,"href":"http:\/\/www.lelabo-nantes.com\/index.php\/wp-json\/wp\/v2\/pages\/95\/revisions"}],"predecessor-version":[{"id":96,"href":"http:\/\/www.lelabo-nantes.com\/index.php\/wp-json\/wp\/v2\/pages\/95\/revisions\/96"}],"wp:attachment":[{"href":"http:\/\/www.lelabo-nantes.com\/index.php\/wp-json\/wp\/v2\/media?parent=95"}],"curies":[{"name":"wp","href":"https:\/\/api.w.org\/{rel}","templated":true}]}}